{"id":981,"date":"2020-07-02T18:41:40","date_gmt":"2020-07-02T18:41:40","guid":{"rendered":"https:\/\/csu-geisenfeld.de\/?page_id=981"},"modified":"2026-02-08T09:56:13","modified_gmt":"2026-02-08T07:56:13","slug":"geisenfelder-rundschau","status":"publish","type":"page","link":"https:\/\/csu-geisenfeld.de\/?page_id=981","title":{"rendered":"Geisenfelder Rundschau"},"content":{"rendered":"<p>Die Geisenfelder Rundschau ist eine Parteizeitschrift f\u00fcr Geisenfeld und die Ortsteile. Damit wollen wir \u00fcber die Themen aus den Arbeitsgemeinschaften (Frauen Union, Junge Union), der Fraktion und dem Ortsverband berichten, aber auch Unpolitisches aufgreifen.&nbsp;<\/p>\n<p>&nbsp;<\/p>\n<table>\n<tbody>\n<tr>\n<td style=\"width: 1146px; vertical-align: top;\">\n<h3>Ausgabe 2026-01<\/h3>\n<p><a href=\"https:\/\/csu-geisenfeld.de\/Daten\/Rundschau_01-2026_final.pdf\">https:\/\/csu-geisenfeld.de\/Daten\/Rundschau_01-2026_final.pdf<\/a><\/p>\n<ul style=\"list-style-type: square;\">\n<li>Gru\u00dfwort des Landratskandidaten<\/li>\n<li>Aufstellungsversammlung: Start in den Wahlkampf<\/li>\n<li>Neujahrsempfang und 80-j\u00e4hriges Jubil\u00e4um der CSU Geisenfeld<\/li>\n<li>Ortsteilbesuche und Wochenmarkter\u00f6ffnung<\/li>\n<li>Frauen Union: Jahresr\u00fcckblick auf das Jahr 2025 \u2013 Engagiert. Modern. Nah am Menschen.<\/li>\n<li>Ein weihnachtlicher R\u00fcckblick<\/li>\n<li>Vorstellung der Stadtratskandidaten<\/li>\n<li>Neuigkeiten von der JU<\/li>\n<\/ul>\n<\/td>\n<td style=\"width: 1161px;\"><a href=\"https:\/\/csu-geisenfeld.de\/Daten\/Rundschau_01-2026_final.pdf\"><img decoding=\"async\" loading=\"lazy\" class=\"aligncenter wp-image-2408\" src=\"https:\/\/csu-geisenfeld.de\/wp-content\/uploads\/2026\/02\/Titelseite2026.jpg\" alt=\"\" width=\"380\" height=\"502\" srcset=\"https:\/\/csu-geisenfeld.de\/wp-content\/uploads\/2026\/02\/Titelseite2026.jpg 816w, https:\/\/csu-geisenfeld.de\/wp-content\/uploads\/2026\/02\/Titelseite2026-227x300.jpg 227w, https:\/\/csu-geisenfeld.de\/wp-content\/uploads\/2026\/02\/Titelseite2026-774x1024.jpg 774w, https:\/\/csu-geisenfeld.de\/wp-content\/uploads\/2026\/02\/Titelseite2026-768x1016.jpg 768w\" sizes=\"(max-width: 380px) 100vw, 380px\" \/><\/a><\/td>\n<\/tr>\n<tr>\n<td style=\"width: 1146px; vertical-align: top;\">\n<h3>Ausgabe 2025-01<\/h3>\n<p><a href=\"https:\/\/csu-geisenfeld.de\/Daten\/Rundschau_01-2025_final.pdf\">https:\/\/csu-geisenfeld.de\/Daten\/Rundschau_01-2025_final.pdf<\/a><\/p>\n<ul style=\"list-style-type: square;\">\n<li>Vorwort des Ortsvorsitzenden: Mit Optimismus und Zuversicht in das Jahr 2025 starten<\/li>\n<li>CSU-Direktkandidat Christian Moser im Interview<\/li>\n<li>Hinter den Kulissen des FC Ingolstadt<\/li>\n<li>Jahresbericht der Frauenunion Geisenfeld \u2013 Ein erfolgreiches Jahr 2024 mit vielen Highlights<\/li>\n<li>Teilnahme an \u201cYES, she can\u201d Veranstaltung<\/li>\n<li>Der Feilenforst<\/li>\n<li>CSU Kreisverband: Gemeinsam f\u00fcr eine starke Zukunft<\/li>\n<li>CSU Kreisverband: Erfolgreicher Neumitgliederempfang in Ernsgaden<\/li>\n<li>CSU Ortsverband: Gemeinsam aktiv in Geisenfeld&nbsp;<\/li>\n<li>CSU Ortsverband: Zwischen Wechsel und Kontinuit\u00e4t: Geisenfelder CSU stellt die Weichen f\u00fcr die kommenden Jahre<\/li>\n<li>Union Land stellt sich vor<\/li>\n<li>Ehrenb\u00fcrgerw\u00fcrde f\u00fcr Erich Deml sen.<\/li>\n<\/ul>\n<\/td>\n<td style=\"width: 1161px;\"><a href=\"https:\/\/csu-geisenfeld.de\/Daten\/Rundschau_01-2025_final.pdf\"><img decoding=\"async\" loading=\"lazy\" class=\"aligncenter wp-image-2077\" src=\"https:\/\/csu-geisenfeld.de\/wp-content\/uploads\/2025\/01\/Titelseite.jpg\" alt=\"\" width=\"380\" height=\"520\" srcset=\"https:\/\/csu-geisenfeld.de\/wp-content\/uploads\/2025\/01\/Titelseite.jpg 617w, https:\/\/csu-geisenfeld.de\/wp-content\/uploads\/2025\/01\/Titelseite-219x300.jpg 219w\" sizes=\"(max-width: 380px) 100vw, 380px\" \/><\/a><\/td>\n<\/tr>\n<tr>\n<td style=\"width: 1146px; vertical-align: top;\">\n<h3>Ausgabe 2024-01<\/h3>\n<p><a href=\"https:\/\/csu-geisenfeld.de\/Daten\/Rundschau_01-2024_final.pdf\">https:\/\/csu-geisenfeld.de\/Daten\/Rundschau_01-2024_final.pdf<\/a><\/p>\n<ul style=\"list-style-type: square;\">\n<li>Zwei Neujahresempf\u00e4nge in Geisenfeld<\/li>\n<li>R\u00fcckenwind aus der Landtagswahl<\/li>\n<li>Interview mit Andy Aichele<\/li>\n<li>Veranstaltungen und Aktivit\u00e4ten der Frauenunion ein R\u00fcckblick auf das Jahr 2023<\/li>\n<li>Mentoring Programm der FrauenUnion<\/li>\n<li>Die Kurf\u00fcrstens\u00e4ule zu Geisenfeld<\/li>\n<li>Einsatz f\u00fcr die Senioren<\/li>\n<li>Stetige Weiterentwicklung in der Stadt Geisenfeld<\/li>\n<li>Interview mit dem Integrationsbeauftragten der Staatsregierung Karl Straub, MdL<\/li>\n<li>Politische Arbeit des Ortsverbands<\/li>\n<\/ul>\n<\/td>\n<td style=\"width: 1161px;\"><a href=\"https:\/\/csu-geisenfeld.de\/Daten\/Rundschau_01-2024_final.pdf\"><img decoding=\"async\" loading=\"lazy\" class=\"aligncenter wp-image-1952\" src=\"https:\/\/csu-geisenfeld.de\/wp-content\/uploads\/2024\/03\/Rundschau2024.png\" alt=\"\" width=\"380\" height=\"515\"><\/a><\/td>\n<\/tr>\n<tr>\n<td style=\"width: 1146px; vertical-align: top;\">\n<h3>Ausgabe 2023-01<\/h3>\n<p><a href=\"https:\/\/csu-geisenfeld.de\/Daten\/Rundschau_01-2023_final.pdf\">https:\/\/csu-geisenfeld.de\/Daten\/Rundschau_01-2023_final.pdf<\/a><\/p>\n<ul style=\"list-style-type: square;\">\n<li>Ministerpr\u00e4sident Dr. Markus S\u00f6der in Geisenfeld<\/li>\n<li>Interview mit Landwirtschaftsministerin Michaela Kaniber, MdL<\/li>\n<li>Mariens\u00e4ule: Was erinnert in Geisenfeld an den Drei\u00dfigj\u00e4hrigen Krieg? 1618-1648<\/li>\n<li>Veranstaltungen und Aktivit\u00e4ten der Frauenunion<\/li>\n<li>Interview mit Stefan Kreth<\/li>\n<li>Ein \u00dcberblick \u00fcber die Themen im Stadtrat<\/li>\n<li>Vorstellung des Ortsvorstands und unserer Arbeit<\/li>\n<li>Umfrage zum Geisenfelder Zukunftsprogramm<\/li>\n<\/ul>\n<\/td>\n<td style=\"width: 1161px;\"><a href=\"https:\/\/csu-geisenfeld.de\/Daten\/Rundschau_01-2023_final.pdf\"><img decoding=\"async\" loading=\"lazy\" class=\"aligncenter wp-image-1876\" src=\"https:\/\/csu-geisenfeld.de\/wp-content\/uploads\/2023\/03\/Geisenfelder_Rundschau_2023_Titelseite-1.png\" alt=\"\" width=\"380\" height=\"532\" srcset=\"https:\/\/csu-geisenfeld.de\/wp-content\/uploads\/2023\/03\/Geisenfelder_Rundschau_2023_Titelseite-1.png 645w, https:\/\/csu-geisenfeld.de\/wp-content\/uploads\/2023\/03\/Geisenfelder_Rundschau_2023_Titelseite-1-214x300.png 214w\" sizes=\"(max-width: 380px) 100vw, 380px\" \/><\/a><\/td>\n<\/tr>\n<tr>\n<td style=\"width: 1146px; vertical-align: top;\">\n<h3>Ausgabe 2022-01<\/h3>\n<p><a href=\"https:\/\/csu-geisenfeld.de\/Daten\/Rundschau_01-2022_final.pdf\">https:\/\/csu-geisenfeld.de\/Daten\/Rundschau_01-2022_final.pdf<\/a><\/p>\n<ul style=\"list-style-type: square;\">\n<li>Innovation in Geisenfeld: Aus Kl\u00e4rschlamm wird Wasserstoff<\/li>\n<li>Aktions-Hinweise f\u00fcr Ukraine Hilfe<\/li>\n<li>Interview mit Staatskanzleiminister Dr. Florian Herrmann, MdL<\/li>\n<li>Interview mit Karl Straub, MdL<\/li>\n<li>CSU-Kreisverband stellt sich neu auf<\/li>\n<li>Die Kurf\u00fcrstens\u00e4ule zu Geisenfeld<\/li>\n<li>Frauenunion l\u00e4sst Arbeit w\u00e4hrend der Corona-Pandemie nicht ruhen<\/li>\n<li>Abholaktion der JU<\/li>\n<li>Politischer Ausblick in Geisenfeld<\/li>\n<\/ul>\n<ul>\n<li style=\"list-style-type: none;\">&nbsp;<\/li>\n<\/ul>\n<\/td>\n<td style=\"width: 1161px;\"><a href=\"https:\/\/csu-geisenfeld.de\/Daten\/Rundschau_01-2022_final.pdf\"><img decoding=\"async\" loading=\"lazy\" class=\"aligncenter wp-image-1609\" src=\"https:\/\/csu-geisenfeld.de\/wp-content\/uploads\/2022\/03\/Geisenfelder_Rundschau_2022_Titelseite-1.png\" alt=\"\" width=\"380\" height=\"514\" srcset=\"https:\/\/csu-geisenfeld.de\/wp-content\/uploads\/2022\/03\/Geisenfelder_Rundschau_2022_Titelseite-1.png 738w, https:\/\/csu-geisenfeld.de\/wp-content\/uploads\/2022\/03\/Geisenfelder_Rundschau_2022_Titelseite-1-222x300.png 222w\" sizes=\"(max-width: 380px) 100vw, 380px\" \/><\/a><\/td>\n<\/tr>\n<tr>\n<td style=\"width: 1146px; vertical-align: top;\">\n<h3>Ausgabe 2021-01<\/h3>\n<p><a href=\"https:\/\/csu-geisenfeld.de\/Daten\/Rundschau_01-2021_final.pdf\">https:\/\/csu-geisenfeld.de\/Daten\/Rundschau_01-2021_final.pdf<\/a><\/p>\n<ul style=\"list-style-type: square;\">\n<li>Ein Verein f\u00fcr alle COVID-19 Betroffenen<\/li>\n<li>Interview mit Manfred K\u00f6nig<\/li>\n<li>\u201eKinderlachen\u201c hilft Familie nach Hausbrand in Geisenfeld<\/li>\n<li>CSU stellt Unternehmerumfrage vor<\/li>\n<li>Jahresplanung der Frauen Union durch Corona eingeschr\u00e4nkt<\/li>\n<li>JU \u2013 Ja Und!<\/li>\n<li>R\u00fcckblick und Ausblick der politischen Arbeit<\/li>\n<\/ul>\n<ul>\n<li style=\"list-style-type: none;\">&nbsp;<\/li>\n<\/ul>\n<\/td>\n<td style=\"width: 1161px;\"><a href=\"https:\/\/csu-geisenfeld.de\/Daten\/Rundschau_01-2021_final.pdf\"><img decoding=\"async\" loading=\"lazy\" class=\"aligncenter wp-image-1390\" src=\"https:\/\/csu-geisenfeld.de\/wp-content\/uploads\/2021\/03\/Rundschau_2021-01_Titelseite-2.png\" alt=\"\" width=\"380\" height=\"495\" srcset=\"https:\/\/csu-geisenfeld.de\/wp-content\/uploads\/2021\/03\/Rundschau_2021-01_Titelseite-2.png 612w, https:\/\/csu-geisenfeld.de\/wp-content\/uploads\/2021\/03\/Rundschau_2021-01_Titelseite-2-230x300.png 230w\" sizes=\"(max-width: 380px) 100vw, 380px\" \/><\/a><\/td>\n<\/tr>\n<tr>\n<td style=\"width: 1146px; vertical-align: top;\">\n<h3>Ausgabe 2020-01<\/h3>\n<p><a href=\"https:\/\/csu-geisenfeld.de\/Daten\/Rundschau_01-2020_final.pdf\">https:\/\/csu-geisenfeld.de\/Daten\/Rundschau_01-2020_final.pdf<\/a><\/p>\n<ul style=\"list-style-type: square;\">\n<li>Vorstellung der Hilfsorganisation Kinderlachen<\/li>\n<li>Interview mit Martin Lachermeier<\/li>\n<li>Ein neues Gesicht im Stadtrat<\/li>\n<li>Bericht der Seniorenbeauftragen<\/li>\n<li>Der kommunale Haushalt in Corona-Zeiten \u2013 Wohin geht die Reise?<\/li>\n<li>Geisenfeld gegen Corona: R\u00fcckblick der Initiative<\/li>\n<li>Die Frauenunion \u2013 eine starke Arbeitsgemeinschaft der CSU<\/li>\n<li>Junge Union: Nach der Wahl ist vor der Wahl<\/li>\n<li>Neues von der CSU Geisenfeld<\/li>\n<li>Kommen Sie an Bord der CSU Geisenfeld<\/li>\n<\/ul>\n<p>&nbsp;<\/td>\n<td style=\"width: 1161px;\">\n<h3><a style=\"color: rgba(57, 186, 243, 0.8); outline: 0px;\" href=\"https:\/\/csu-geisenfeld.de\/Daten\/Rundschau_01-2020_final.pdf\"><img decoding=\"async\" loading=\"lazy\" class=\"aligncenter wp-image-982\" src=\"https:\/\/csu-geisenfeld.de\/wp-content\/uploads\/2020\/07\/rundschau_2020-01.jpg\" alt=\"\" width=\"380\" height=\"523\" srcset=\"https:\/\/csu-geisenfeld.de\/wp-content\/uploads\/2020\/07\/rundschau_2020-01.jpg 485w, https:\/\/csu-geisenfeld.de\/wp-content\/uploads\/2020\/07\/rundschau_2020-01-218x300.jpg 218w\" sizes=\"(max-width: 380px) 100vw, 380px\" \/><\/a><\/h3>\n<p>&nbsp;<\/td>\n<\/tr>\n<\/tbody>\n<\/table>\n<p>&nbsp;<\/p>\n","protected":false},"excerpt":{"rendered":"<p>Die Geisenfelder Rundschau ist eine Parteizeitschrift f\u00fcr Geisenfeld und die Ortsteile. Damit wollen wir \u00fcber die Themen aus den Arbeitsgemeinschaften&hellip;<\/p>\n","protected":false},"author":1,"featured_media":0,"parent":0,"menu_order":0,"comment_status":"closed","ping_status":"closed","template":"","meta":{"ngg_post_thumbnail":0},"_links":{"self":[{"href":"https:\/\/csu-geisenfeld.de\/index.php?rest_route=\/wp\/v2\/pages\/981"}],"collection":[{"href":"https:\/\/csu-geisenfeld.de\/index.php?rest_route=\/wp\/v2\/pages"}],"about":[{"href":"https:\/\/csu-geisenfeld.de\/index.php?rest_route=\/wp\/v2\/types\/page"}],"author":[{"embeddable":true,"href":"https:\/\/csu-geisenfeld.de\/index.php?rest_route=\/wp\/v2\/users\/1"}],"replies":[{"embeddable":true,"href":"https:\/\/csu-geisenfeld.de\/index.php?rest_route=%2Fwp%2Fv2%2Fcomments&post=981"}],"version-history":[{"count":33,"href":"https:\/\/csu-geisenfeld.de\/index.php?rest_route=\/wp\/v2\/pages\/981\/revisions"}],"predecessor-version":[{"id":2415,"href":"https:\/\/csu-geisenfeld.de\/index.php?rest_route=\/wp\/v2\/pages\/981\/revisions\/2415"}],"wp:attachment":[{"href":"https:\/\/csu-geisenfeld.de\/index.php?rest_route=%2Fwp%2Fv2%2Fmedia&parent=981"}],"curies":[{"name":"wp","href":"https:\/\/api.w.org\/{rel}","templated":true}]}}