{"id":72,"date":"2019-04-10T18:03:52","date_gmt":"2019-04-10T18:03:52","guid":{"rendered":"https:\/\/csu-geisenfeld.de\/?page_id=72"},"modified":"2020-07-18T20:25:48","modified_gmt":"2020-07-18T20:25:48","slug":"ortsverband","status":"publish","type":"page","link":"https:\/\/csu-geisenfeld.de\/?page_id=72","title":{"rendered":"Ortsverband"},"content":{"rendered":"<p><img decoding=\"async\" loading=\"lazy\" class=\"size-medium wp-image-864 alignright\" src=\"https:\/\/csu-geisenfeld.de\/wp-content\/uploads\/2020\/04\/Dr_Michael_Pilawa-225x300.jpg\" alt=\"\" width=\"225\" height=\"300\" srcset=\"https:\/\/csu-geisenfeld.de\/wp-content\/uploads\/2020\/04\/Dr_Michael_Pilawa-225x300.jpg 225w, https:\/\/csu-geisenfeld.de\/wp-content\/uploads\/2020\/04\/Dr_Michael_Pilawa-768x1024.jpg 768w, https:\/\/csu-geisenfeld.de\/wp-content\/uploads\/2020\/04\/Dr_Michael_Pilawa.jpg 1200w\" sizes=\"(max-width: 225px) 100vw, 225px\" \/>Liebe Geisenfelderinnen und Geisenfelder,<\/p>\n<p>im Namen der CSU Geisenfeld darf ich Sie herzlich auf unserer Webseite begr\u00fc\u00dfen. Unabh\u00e4ngig von der politischen Einstellung ist es wichtig, dass man sich als B\u00fcrger eine eigene Meinung bildet. Denn besonders in der Kommunalpolitik stehen nicht die Parteien im Vordergrund, sondern die Konzepte \/ &nbsp;Ideen und die Personen, die die Themen voranbringen. Die CSU Geisenfeld will sich dabei auf die inhaltliche und gesellschaftliche Arbeit konzentrieren, um innovative Konzepte f\u00fcr die Stadt und die Ortsteile von Geisenfeld zu entwickeln.<\/p>\n<p>Damit Sie sich eine Meinung von der CSU Geisenfeld bilden k\u00f6nnen, geben wir auf dieser Webseite einen Einblick in unseren Ortsverband und unsere Arbeit.<\/p>\n<p>Haben Sie Kritik, Kommentare oder Anregungen? Dann w\u00fcrden wir uns \u00fcber eine Kontaktaufnahme sehr freuen.<\/p>\n<p>Beste Gr\u00fc\u00dfe,<\/p>\n<p>Ihr CSU Ortsvorsitzender<\/p>\n<p><a href=\"https:\/\/csu-geisenfeld.de\/?page_id=305\">Michael Pilawa<\/a><\/p>\n","protected":false},"excerpt":{"rendered":"<p>Liebe Geisenfelderinnen und Geisenfelder, im Namen der CSU Geisenfeld darf ich Sie herzlich auf unserer Webseite begr\u00fc\u00dfen. Unabh\u00e4ngig von der&hellip;<\/p>\n","protected":false},"author":1,"featured_media":0,"parent":0,"menu_order":0,"comment_status":"closed","ping_status":"closed","template":"","meta":{"ngg_post_thumbnail":0},"_links":{"self":[{"href":"https:\/\/csu-geisenfeld.de\/index.php?rest_route=\/wp\/v2\/pages\/72"}],"collection":[{"href":"https:\/\/csu-geisenfeld.de\/index.php?rest_route=\/wp\/v2\/pages"}],"about":[{"href":"https:\/\/csu-geisenfeld.de\/index.php?rest_route=\/wp\/v2\/types\/page"}],"author":[{"embeddable":true,"href":"https:\/\/csu-geisenfeld.de\/index.php?rest_route=\/wp\/v2\/users\/1"}],"replies":[{"embeddable":true,"href":"https:\/\/csu-geisenfeld.de\/index.php?rest_route=%2Fwp%2Fv2%2Fcomments&post=72"}],"version-history":[{"count":5,"href":"https:\/\/csu-geisenfeld.de\/index.php?rest_route=\/wp\/v2\/pages\/72\/revisions"}],"predecessor-version":[{"id":1042,"href":"https:\/\/csu-geisenfeld.de\/index.php?rest_route=\/wp\/v2\/pages\/72\/revisions\/1042"}],"wp:attachment":[{"href":"https:\/\/csu-geisenfeld.de\/index.php?rest_route=%2Fwp%2Fv2%2Fmedia&parent=72"}],"curies":[{"name":"wp","href":"https:\/\/api.w.org\/{rel}","templated":true}]}}