{"id":596,"date":"2019-12-19T12:26:16","date_gmt":"2019-12-19T12:26:16","guid":{"rendered":"https:\/\/csu-geisenfeld.de\/?page_id=596"},"modified":"2024-04-23T20:28:33","modified_gmt":"2024-04-23T18:28:33","slug":"stefan-kreth","status":"publish","type":"page","link":"https:\/\/csu-geisenfeld.de\/?page_id=596","title":{"rendered":"Stefan Kreth"},"content":{"rendered":"<p><img decoding=\"async\" loading=\"lazy\" class=\"alignright wp-image-1124 size-medium\" src=\"https:\/\/csu-geisenfeld.de\/wp-content\/uploads\/2020\/09\/Stefan_Kreth-200x300.jpg\" alt=\"\" width=\"200\" height=\"300\" srcset=\"https:\/\/csu-geisenfeld.de\/wp-content\/uploads\/2020\/09\/Stefan_Kreth-200x300.jpg 200w, https:\/\/csu-geisenfeld.de\/wp-content\/uploads\/2020\/09\/Stefan_Kreth-683x1024.jpg 683w, https:\/\/csu-geisenfeld.de\/wp-content\/uploads\/2020\/09\/Stefan_Kreth.jpg 723w\" sizes=\"(max-width: 200px) 100vw, 200px\" \/><\/p>\n<table style=\"height: 220px; width: 70%;\" width=\"70%\">\n<tbody>\n<tr style=\"height: 45px;\">\n<td style=\"height: 10px; width: 15%; vertical-align: top;\">Name:<\/td>\n<td style=\"height: 10px; width: 65%; vertical-align: top;\">Stefan Kreth<\/td>\n<\/tr>\n<tr style=\"height: 45px;\">\n<td style=\"height: 45px; width: 15%; vertical-align: top;\">Jahrgang:<\/td>\n<td style=\"height: 45px; width: 65%; vertical-align: top;\">1966<\/td>\n<\/tr>\n<tr style=\"height: 45px;\">\n<td style=\"height: 45px; width: 15%; vertical-align: top;\">Familienstand:<\/td>\n<td style=\"height: 45px; width: 65%; vertical-align: top;\">Ledig<\/td>\n<\/tr>\n<tr style=\"height: 45px;\">\n<td style=\"height: 45px; width: 15%; vertical-align: top;\">Beruf:<\/td>\n<td style=\"height: 45px; width: 65%; vertical-align: top;\">Vertriebsleiter<\/td>\n<\/tr>\n<tr style=\"height: 45px;\">\n<td style=\"height: 45px; width: 15%; vertical-align: top;\">Hobbies:<\/td>\n<td style=\"height: 45px; width: 65%; vertical-align: top;\">\n<ul style=\"list-style-type: square;\">\n<li>Musik<\/li>\n<li>Fotografie<\/li>\n<li>Motorrad<\/li>\n<\/ul>\n<\/td>\n<\/tr>\n<tr style=\"height: 10px;\">\n<td style=\"height: 10px; width: 15%; vertical-align: top;\">Vereinszugeh\u00f6rigkeiten:<\/td>\n<td style=\"height: 10px; width: 65%; vertical-align: top;\">\n<ul style=\"list-style-type: square;\">\n<li>Kinderlachen e.V.<\/li>\n<\/ul>\n<\/td>\n<\/tr>\n<tr style=\"height: 10px;\">\n<td style=\"width: 15%; height: 10px; vertical-align: top;\">Ehren\u00e4mter:<\/td>\n<td style=\"width: 65%; height: 10px; vertical-align: top;\">\n<ul style=\"list-style-type: square;\">\n<li>Repr\u00e4sentant Kinderlachen e.V.<\/li>\n<li>Digitalbeauftragter CSU-Kreisverband Pfaffenhofen<\/li>\n<\/ul>\n<\/td>\n<\/tr>\n<tr style=\"height: 70px;\">\n<td style=\"width: 15%; height: 10px; vertical-align: top;\">Politische Schwerpunkte:<\/td>\n<td style=\"width: 65%; height: 10px; vertical-align: top;\">\n<ul style=\"list-style-type: square;\">\n<li>Digitalisierung<\/li>\n<li>Soziales<\/li>\n<li>Stadtmarketing<\/li>\n<\/ul>\n<\/td>\n<\/tr>\n<\/tbody>\n<\/table>\n","protected":false},"excerpt":{"rendered":"<p>Name: Stefan Kreth Jahrgang: 1966 Familienstand: Ledig Beruf: Vertriebsleiter Hobbies: Musik Fotografie Motorrad Vereinszugeh\u00f6rigkeiten: Kinderlachen e.V. Ehren\u00e4mter: Repr\u00e4sentant Kinderlachen e.V.&hellip;<\/p>\n","protected":false},"author":1,"featured_media":0,"parent":13,"menu_order":21,"comment_status":"closed","ping_status":"closed","template":"","meta":{"ngg_post_thumbnail":0},"_links":{"self":[{"href":"https:\/\/csu-geisenfeld.de\/index.php?rest_route=\/wp\/v2\/pages\/596"}],"collection":[{"href":"https:\/\/csu-geisenfeld.de\/index.php?rest_route=\/wp\/v2\/pages"}],"about":[{"href":"https:\/\/csu-geisenfeld.de\/index.php?rest_route=\/wp\/v2\/types\/page"}],"author":[{"embeddable":true,"href":"https:\/\/csu-geisenfeld.de\/index.php?rest_route=\/wp\/v2\/users\/1"}],"replies":[{"embeddable":true,"href":"https:\/\/csu-geisenfeld.de\/index.php?rest_route=%2Fwp%2Fv2%2Fcomments&post=596"}],"version-history":[{"count":12,"href":"https:\/\/csu-geisenfeld.de\/index.php?rest_route=\/wp\/v2\/pages\/596\/revisions"}],"predecessor-version":[{"id":2002,"href":"https:\/\/csu-geisenfeld.de\/index.php?rest_route=\/wp\/v2\/pages\/596\/revisions\/2002"}],"up":[{"embeddable":true,"href":"https:\/\/csu-geisenfeld.de\/index.php?rest_route=\/wp\/v2\/pages\/13"}],"wp:attachment":[{"href":"https:\/\/csu-geisenfeld.de\/index.php?rest_route=%2Fwp%2Fv2%2Fmedia&parent=596"}],"curies":[{"name":"wp","href":"https:\/\/api.w.org\/{rel}","templated":true}]}}