{"id":524,"date":"2019-12-19T09:58:45","date_gmt":"2019-12-19T09:58:45","guid":{"rendered":"https:\/\/csu-geisenfeld.de\/?page_id=524"},"modified":"2020-07-15T06:24:41","modified_gmt":"2020-07-15T06:24:41","slug":"andreas-aichele","status":"publish","type":"page","link":"https:\/\/csu-geisenfeld.de\/?page_id=524","title":{"rendered":"Andreas Aichele"},"content":{"rendered":"<p><img decoding=\"async\" loading=\"lazy\" class=\"size-medium wp-image-606 alignright\" src=\"https:\/\/csu-geisenfeld.de\/wp-content\/uploads\/2019\/12\/Andreas_Aichele2-225x300.jpg\" alt=\"\" width=\"225\" height=\"300\" srcset=\"https:\/\/csu-geisenfeld.de\/wp-content\/uploads\/2019\/12\/Andreas_Aichele2-225x300.jpg 225w, https:\/\/csu-geisenfeld.de\/wp-content\/uploads\/2019\/12\/Andreas_Aichele2-768x1024.jpg 768w, https:\/\/csu-geisenfeld.de\/wp-content\/uploads\/2019\/12\/Andreas_Aichele2.jpg 800w\" sizes=\"(max-width: 225px) 100vw, 225px\" \/><\/p>\n<table style=\"height: 899px; width: 70%;\" width=\"70%\">\n<tbody>\n<tr style=\"height: 45px;\">\n<td style=\"height: 10px; width: 10%; vertical-align: middle;\">Name:<\/td>\n<td style=\"height: 10px; width: 65%; vertical-align: middle;\">Andreas Aichele<\/td>\n<\/tr>\n<tr style=\"height: 45px;\">\n<td style=\"height: 45px; width: 10%; vertical-align: middle;\">Jahrgang:<\/td>\n<td style=\"height: 45px; width: 65%; vertical-align: middle;\">1975<\/td>\n<\/tr>\n<tr style=\"height: 45px;\">\n<td style=\"height: 45px; width: 10%; vertical-align: middle;\">Familienstand:<\/td>\n<td style=\"height: 45px; width: 65%; vertical-align: middle;\">Verheiratet und Vater von zwei T\u00f6chtern<\/td>\n<\/tr>\n<tr style=\"height: 45px;\">\n<td style=\"height: 45px; width: 10%; vertical-align: middle;\">Beruf:<\/td>\n<td style=\"height: 45px; width: 65%; vertical-align: middle;\">Polizeibeamter<\/td>\n<\/tr>\n<tr style=\"height: 45px;\">\n<td style=\"height: 10px; width: 10%; vertical-align: middle;\">Hobbies:<\/td>\n<td style=\"height: 10px; width: 65%; vertical-align: middle;\">\n<ul style=\"list-style-type: square;\">\n<li>Laufen<\/li>\n<li>Squash<\/li>\n<li>Spinning<\/li>\n<li>Ski fahren<\/li>\n<li>Berge<\/li>\n<\/ul>\n<\/td>\n<\/tr>\n<tr style=\"height: 39px;\">\n<td style=\"width: 10%; height: 39px; vertical-align: middle;\">Vereinszugeh\u00f6rigkeiten:<\/td>\n<td style=\"width: 65%; height: 39px; vertical-align: middle;\">\n<ul style=\"list-style-type: square;\">\n<li>Mitglied im Serviceclub \u201eOld Tablers 96 Ingolstadt\u201c<\/li>\n<li>Kreisverkehrswacht Pfaffenhofen<\/li>\n<li>TV &#8211; Kindergarde<\/li>\n<li>Christlich Soziale Union<\/li>\n<\/ul>\n<\/td>\n<\/tr>\n<tr style=\"height: 45px;\">\n<td style=\"height: 45px; width: 10%; vertical-align: middle;\">Ehren\u00e4mter:<\/td>\n<td style=\"height: 45px; width: 65%; vertical-align: middle;\">\n<ul style=\"list-style-type: square;\">\n<li>1. Vorstand der TV &#8211; Kindergarde,<\/li>\n<li>Mitglied des Vorstandes bei der Kreisverkehrswacht Pfaffenhofen<\/li>\n<li>Vorstandsmitglied CSU Geisenfeld<\/li>\n<\/ul>\n<\/td>\n<\/tr>\n<tr style=\"height: 68px;\">\n<td style=\"width: 10%; height: 34px; vertical-align: middle;\">Politische Schwerpunkte:<\/td>\n<td style=\"width: 65%; height: 34px; vertical-align: middle;\">\n<div class=\"\">Ich will Geisenfeld in eine Zukunft f\u00fchren, in der sich die Menschen wohl f\u00fchlen! Dabei ist mir wichtig, dass wir Traditionen bewahren, aber gleichzeitig immer offen f\u00fcr Neues sind!<\/div>\n<\/td>\n<\/tr>\n<tr style=\"height: 10px;\">\n<td style=\"width: 10%; height: 10px; vertical-align: middle;\">Politische \u00c4mter (Stadtrat):<\/td>\n<td style=\"width: 65%; height: 10px; vertical-align: middle;\">\n<ul style=\"list-style-type: square;\">\n<li>3. B\u00fcrgermeister der Stadt Geisenfeld<\/li>\n<li>Referat: Feuerwehr, Brand- und Katastrophenschutz<\/li>\n<li>Mitglied der Gemeinschaftsversammlung der Verwaltungsgemeinschaft<\/li>\n<\/ul>\n<\/td>\n<\/tr>\n<tr style=\"height: 73px;\">\n<td style=\"width: 10%; height: 73px; vertical-align: middle;\">Politische \u00c4mter (Kreistag):<\/td>\n<td style=\"width: 65%; height: 73px; vertical-align: middle;\">\n<ul style=\"list-style-type: square;\">\n<li>Umweltausschuss<\/li>\n<\/ul>\n<\/td>\n<\/tr>\n<\/tbody>\n<\/table>\n","protected":false},"excerpt":{"rendered":"<p>Name: Andreas Aichele Jahrgang: 1975 Familienstand: Verheiratet und Vater von zwei T\u00f6chtern Beruf: Polizeibeamter Hobbies: Laufen Squash Spinning Ski fahren&hellip;<\/p>\n","protected":false},"author":1,"featured_media":0,"parent":16,"menu_order":1,"comment_status":"closed","ping_status":"closed","template":"","meta":{"ngg_post_thumbnail":0},"_links":{"self":[{"href":"https:\/\/csu-geisenfeld.de\/index.php?rest_route=\/wp\/v2\/pages\/524"}],"collection":[{"href":"https:\/\/csu-geisenfeld.de\/index.php?rest_route=\/wp\/v2\/pages"}],"about":[{"href":"https:\/\/csu-geisenfeld.de\/index.php?rest_route=\/wp\/v2\/types\/page"}],"author":[{"embeddable":true,"href":"https:\/\/csu-geisenfeld.de\/index.php?rest_route=\/wp\/v2\/users\/1"}],"replies":[{"embeddable":true,"href":"https:\/\/csu-geisenfeld.de\/index.php?rest_route=%2Fwp%2Fv2%2Fcomments&post=524"}],"version-history":[{"count":31,"href":"https:\/\/csu-geisenfeld.de\/index.php?rest_route=\/wp\/v2\/pages\/524\/revisions"}],"predecessor-version":[{"id":1014,"href":"https:\/\/csu-geisenfeld.de\/index.php?rest_route=\/wp\/v2\/pages\/524\/revisions\/1014"}],"up":[{"embeddable":true,"href":"https:\/\/csu-geisenfeld.de\/index.php?rest_route=\/wp\/v2\/pages\/16"}],"wp:attachment":[{"href":"https:\/\/csu-geisenfeld.de\/index.php?rest_route=%2Fwp%2Fv2%2Fmedia&parent=524"}],"curies":[{"name":"wp","href":"https:\/\/api.w.org\/{rel}","templated":true}]}}