{"id":1051,"date":"2020-07-30T20:32:33","date_gmt":"2020-07-30T20:32:33","guid":{"rendered":"https:\/\/csu-geisenfeld.de\/?page_id=1051"},"modified":"2020-09-07T19:45:52","modified_gmt":"2020-09-07T19:45:52","slug":"buergerumfrage-system-fuer-abfall-gelber-sack","status":"publish","type":"page","link":"https:\/\/csu-geisenfeld.de\/?page_id=1051","title":{"rendered":"B\u00fcrgerumfrage: Vorgehensweise beim Kunststoffrecycling"},"content":{"rendered":"<p style=\"text-align: left;\">Im Jahr 2021 l\u00e4uft der Vertrag zwischen dem Abfallwirtschaftsbetrieb des Landkreises (AWP) und den Dualen Systemen f\u00fcr die Abfallentsorgung aus. Damit bietet sich die Gelegenheit die Verfahrensweise bei den gelben S\u00e4cken (Bringsystem vs. Abholsystem) zu \u00fcberdenken. Beim Bringsystem m\u00fcssen die gelben S\u00e4cke zum Wertstoffhof gebracht werden. Beim Abholsystem werden die gelben S\u00e4cke ebenso wie Papier, Restm\u00fcll und Biom\u00fcll Zuhause abgeholt. Das Abholsystem kann durch den Einsatz von gelben S\u00e4cken oder gelben Tonnen realisiert werden.<\/p>\n<p>Da dieses Thema die Bev\u00f6lkerung sehr bewegt, m\u00f6chte die CSU Geisenfeld mit der Umfrage ein Stimmungsbild aufnehmen. <span style=\"font-size: 1rem;\">Die CSU Geisenfeld sieht dabei die folgenden Hauptunterschiede der beiden Systeme:<\/span><\/p>\n<table>\n<tbody>\n<tr>\n<td style=\"background-color: #007fc7;\"><span style=\"color: #ffffff;\"><strong>Bringsystem<\/strong><\/span><\/td>\n<td style=\"background-color: #007fc7;\"><span style=\"color: #ffffff;\"><strong>Abholsystem<\/strong><\/span><\/td>\n<\/tr>\n<tr>\n<td>Geringere Kosten f\u00fcr B\u00fcrger<\/td>\n<td>Zus\u00e4tzliche Kosten (vgl. Kosten Papiertonne 1,42 \u20ac\/Monat)<\/p>\n<p>Update 15.08.2020: 0,61 \u20ac\/Monat<br \/>\n[Telefonat AWP E. M\u00fcller 14.08.2020]*<\/td>\n<\/tr>\n<tr>\n<td>Zus\u00e4tzlicher Aufwand f\u00fcr Haushalte durch Transport zum Wertstoffhof<\/td>\n<td>Geringerer Aufwand f\u00fcr Haushalte<\/td>\n<\/tr>\n<tr>\n<td>Abh\u00e4ngigkeit von \u00d6ffnungszeiten<\/td>\n<td>Feste Abholzeiten<\/td>\n<\/tr>\n<\/tbody>\n<\/table>\n<p>* Bei gleichbleibenden Randbedingungen wie in Vorjahren.<\/p>\n<p>Vielen Dank f\u00fcr die Teilnahme. Es wurde wie folgt abgestimmt:<\/p>\n<p><img decoding=\"async\" loading=\"lazy\" class=\"size-large wp-image-1105 aligncenter\" src=\"https:\/\/csu-geisenfeld.de\/wp-content\/uploads\/2020\/09\/umfrage-1024x564.png\" alt=\"\" width=\"688\" height=\"379\" srcset=\"https:\/\/csu-geisenfeld.de\/wp-content\/uploads\/2020\/09\/umfrage-1024x564.png 1024w, https:\/\/csu-geisenfeld.de\/wp-content\/uploads\/2020\/09\/umfrage-300x165.png 300w, https:\/\/csu-geisenfeld.de\/wp-content\/uploads\/2020\/09\/umfrage-768x423.png 768w, https:\/\/csu-geisenfeld.de\/wp-content\/uploads\/2020\/09\/umfrage.png 1085w\" sizes=\"(max-width: 688px) 100vw, 688px\" \/><\/p>\n<p>Mehr dazu finden SIe in der Berichterstattung der Geisenfelder Zeitung:<br \/>\n<a href=\"https:\/\/www.donaukurier.de\/lokales\/pfaffenhofen\/UEber-80-Prozent-fuer-Abholung;art600,4681560\">https:\/\/www.donaukurier.de\/lokales\/pfaffenhofen\/UEber-80-Prozent-fuer-Abholung;art600,4681560<\/a><\/p>\n","protected":false},"excerpt":{"rendered":"<p>Im Jahr 2021 l\u00e4uft der Vertrag zwischen dem Abfallwirtschaftsbetrieb des Landkreises (AWP) und den Dualen Systemen f\u00fcr die Abfallentsorgung aus.&hellip;<\/p>\n","protected":false},"author":1,"featured_media":0,"parent":0,"menu_order":0,"comment_status":"closed","ping_status":"closed","template":"","meta":{"ngg_post_thumbnail":0},"_links":{"self":[{"href":"https:\/\/csu-geisenfeld.de\/index.php?rest_route=\/wp\/v2\/pages\/1051"}],"collection":[{"href":"https:\/\/csu-geisenfeld.de\/index.php?rest_route=\/wp\/v2\/pages"}],"about":[{"href":"https:\/\/csu-geisenfeld.de\/index.php?rest_route=\/wp\/v2\/types\/page"}],"author":[{"embeddable":true,"href":"https:\/\/csu-geisenfeld.de\/index.php?rest_route=\/wp\/v2\/users\/1"}],"replies":[{"embeddable":true,"href":"https:\/\/csu-geisenfeld.de\/index.php?rest_route=%2Fwp%2Fv2%2Fcomments&post=1051"}],"version-history":[{"count":21,"href":"https:\/\/csu-geisenfeld.de\/index.php?rest_route=\/wp\/v2\/pages\/1051\/revisions"}],"predecessor-version":[{"id":1109,"href":"https:\/\/csu-geisenfeld.de\/index.php?rest_route=\/wp\/v2\/pages\/1051\/revisions\/1109"}],"wp:attachment":[{"href":"https:\/\/csu-geisenfeld.de\/index.php?rest_route=%2Fwp%2Fv2%2Fmedia&parent=1051"}],"curies":[{"name":"wp","href":"https:\/\/api.w.org\/{rel}","templated":true}]}}